{"id":342,"date":"2021-06-10T17:52:43","date_gmt":"2021-06-10T17:52:43","guid":{"rendered":"https:\/\/urtix11.dyndns.org\/?page_id=342"},"modified":"2024-04-29T10:18:12","modified_gmt":"2024-04-29T10:18:12","slug":"restauracio-i-catering","status":"publish","type":"page","link":"https:\/\/fornturull.cat\/es\/restauracio-i-catering\/","title":{"rendered":"Restauraci\u00f3n y catering"},"content":{"rendered":"<div data-elementor-type=\"wp-page\" data-elementor-id=\"342\" class=\"elementor elementor-342\" data-elementor-post-type=\"page\">\n\t\t\t\t\t\t\t\t\t<section class=\"elementor-section elementor-top-section elementor-element elementor-element-d34ab07 elementor-section-boxed elementor-section-height-default elementor-section-height-default\" data-id=\"d34ab07\" data-element_type=\"section\">\n\t\t\t\t\t\t<div class=\"elementor-container elementor-column-gap-default\">\n\t\t\t\t\t<div class=\"elementor-column elementor-col-100 elementor-top-column elementor-element elementor-element-5f4b619\" data-id=\"5f4b619\" data-element_type=\"column\">\n\t\t\t<div class=\"elementor-widget-wrap elementor-element-populated\">\n\t\t\t\t\t\t\t\t<div class=\"elementor-element elementor-element-9160f71 elementor-widget elementor-widget-image\" data-id=\"9160f71\" data-element_type=\"widget\" data-widget_type=\"image.default\">\n\t\t\t\t<div class=\"elementor-widget-container\">\n\t\t\t\t\t\t\t\t\t\t\t\t\t\t\t<img loading=\"lazy\" decoding=\"async\" width=\"854\" height=\"371\" src=\"https:\/\/fornturull.cat\/wp-content\/uploads\/2021\/06\/empresa.jpg\" class=\"attachment-large size-large wp-image-331\" alt=\"forn turull\" srcset=\"https:\/\/fornturull.cat\/wp-content\/uploads\/2021\/06\/empresa.jpg 854w, https:\/\/fornturull.cat\/wp-content\/uploads\/2021\/06\/empresa-300x130.jpg 300w, https:\/\/fornturull.cat\/wp-content\/uploads\/2021\/06\/empresa-768x334.jpg 768w, https:\/\/fornturull.cat\/wp-content\/uploads\/2021\/06\/empresa-600x261.jpg 600w\" sizes=\"auto, (max-width: 854px) 100vw, 854px\" \/>\t\t\t\t\t\t\t\t\t\t\t\t\t\t\t<\/div>\n\t\t\t\t<\/div>\n\t\t\t\t\t<\/div>\n\t\t<\/div>\n\t\t\t\t\t\t\t<\/div>\n\t\t<\/section>\n\t\t\t\t<section class=\"elementor-section elementor-top-section elementor-element elementor-element-3799edf elementor-section-boxed elementor-section-height-default elementor-section-height-default\" data-id=\"3799edf\" data-element_type=\"section\">\n\t\t\t\t\t\t<div class=\"elementor-container elementor-column-gap-default\">\n\t\t\t\t\t<div class=\"elementor-column elementor-col-100 elementor-top-column elementor-element elementor-element-e799499\" data-id=\"e799499\" data-element_type=\"column\">\n\t\t\t<div class=\"elementor-widget-wrap elementor-element-populated\">\n\t\t\t\t\t\t\t\t<div class=\"elementor-element elementor-element-c9e852f line-title elementor-widget elementor-widget-heading\" data-id=\"c9e852f\" data-element_type=\"widget\" data-widget_type=\"heading.default\">\n\t\t\t\t<div class=\"elementor-widget-container\">\n\t\t\t<h2 class=\"elementor-heading-title elementor-size-default\">Servicio de catering<\/h2>\t\t<\/div>\n\t\t\t\t<\/div>\n\t\t\t\t<div class=\"elementor-element elementor-element-19386be elementor-widget elementor-widget-text-editor\" data-id=\"19386be\" data-element_type=\"widget\" data-widget_type=\"text-editor.default\">\n\t\t\t\t<div class=\"elementor-widget-container\">\n\t\t\t\t\t\t\t<p>Cumplea\u00f1os, celebraciones, coffee breaks, reuniones familiares, encuentros informales con los amigos, partidos de f\u00fatbol o sencillamente porque te da pereza cocinar, en Forn Turull te preparamos las mejores especialidades dulces y saladas para satisfacer los paladares m\u00e1s exigentes. D\u00e9jate sorprender por nuestra constante renovaci\u00f3n y si hay algo que todav\u00eda no hacemos, \u00a1p\u00eddenoslo! \u00a1Contigo aprendemos diariamente!<\/p>\n<p><b>Tortas saladas<\/b><\/p>\n<p>Cada torta est\u00e1 elaborada de forma individualizada, con los ingredientes m\u00e1s frescos para aprovechar la variedad de productos que el mercado nos ofrece diariamente.<\/p>\n<p><b>Bocadillos<\/b><\/p>\n<p>De chapata, viena, pan de tortilla, paninni, torta de aceite, cereales, tipo s\u00e1ndwich, grande, peque\u00f1o, familiar... elige el formato que m\u00e1s te encaje y el relleno que m\u00e1s te guste.<\/p>\n<p><b>Pasteles salados<\/b><\/p>\n<p>De at\u00fan, salm\u00f3n, gambas, jam\u00f3n dulce, jam\u00f3n serrano... \u00a1Lo podemos hacer del tama\u00f1o que necesites!<\/p>\n<p><b>Quiches lorraines<\/b><\/p>\n<p>Especialidad francesa que puedes degustar diariamente en cualquiera de nuestros establecimientos y que puedes pedir por encargo tu gusto o tama\u00f1o deseados. Pru\u00e9balos de bacon con cebolla, gambas, puerros, calabac\u00edn, york...<\/p>\n<p><b>Tortas dulces<\/b><\/p>\n<p>No esperes a las verbenas para conocer nuestras tortas dulces. De brioche, hojaldre, chicharrones, croissant, de vidrio, muffin...<br>Muchas de nuestras tortas son rellenas con el ingrediente que mejor le sienta para que cada mordisco sea un placer para tus sentidos.<br><b>Tortas de brioche <\/b>el brioche m\u00e1s tierno y sabroso combinado delicadamente con crema, pi\u00f1ones, almendras, chocolate, fruta confitada, \u00a1y ahora tambi\u00e9n con fruta fresca!<br><b>Tortas de chicharrones <\/b>de hojaldre o brioche, \u00a1elige la tuya!<br><b>Coca de llavaneres <\/b>torta de hojaldre con crema en el interior. Fina capa de mazap\u00e1n y los mejores pi\u00f1ones castella para ofrecer un placer crujiente y untuoso a la vez.<br><b>Torta de croissant <\/b>partiendo de una buena masa de croissant, la torta resultante debe estar a la altura. Delgada, con almendras, az\u00facar, un chorrito de an\u00eds y bien tostada.<br><b>Muffin <\/b>en base a la masa de un esponjoso y sabroso muffin, elaboramos tortas con cremas, frutos secos, fruta y un largo etc\u00e9tera.<br><b>Torta de vidrio <\/b>como que no nos gusta hacer lo que hace todo el mundo, prueba nuestra torta de vidrio. Delgada, dulce y con un toque de an\u00eds en grano...<br><b>Pan de aceite <\/b>aunque no se trate de una torta en el sentido estricto de la palabra, el pan de aceite est\u00e1 elaborado con una esponjosa y sabros\u00edsima masa en base similar al brioche pero mucho m\u00e1s a\u00e9rea y con un ligero sabor anisado.<\/p>\n<p><strong>Panader\u00eda<\/strong><\/p>\n<p>Porque la buena panader\u00eda existe y queremos huir de los t\u00edpicos sabores industriales, diariamente cocemos para nuestros establecimientos productos pensados \u200b\u200ben quien quiere disfrutar comiendo algo dulce sin renunciar a los h\u00e1bitos saludables.<br>Elige por ejemplo nuestros muffins de zanahoria, polenta, naranja natural, chocolate, fondant de chocolate, financieros...<\/p>\n<p><strong>Croquetas<\/strong><\/p>\n<p>Hechas en casa, te enamorar\u00e1n. Las hacemos de jam\u00f3n, pollo, queso, bacalao, alcachofa... o prueba la m\u00e1s emblem\u00e1tica... la de cepas.<\/p>\t\t\t\t\t\t<\/div>\n\t\t\t\t<\/div>\n\t\t\t\t\t<\/div>\n\t\t<\/div>\n\t\t\t\t\t\t\t<\/div>\n\t\t<\/section>\n\t\t\t\t\t\t\t<\/div>","protected":false},"excerpt":{"rendered":"<p>Servei de c\u00e0tering Aniversaris, celebracions, coffe breaks, reunions familiars, trobades informals amb els amics, partits de futbol o senzillament perqu\u00e8 et fa mandra cuinar, a Forn Turull et preparem les millors especialitats dolces i salades per satisfer els paladars m\u00e9s exigents. Deixa\u2019t sorprendre per la nostra constant renovaci\u00f3 i si hi ha quelcom que encara &hellip;<\/p>\n<p class=\"read-more\"> <a class=\"\" href=\"https:\/\/fornturull.cat\/es\/restauracio-i-catering\/\"> <span class=\"screen-reader-text\">Restauraci\u00f3n y catering<\/span> Leer m\u00e1s &raquo;<\/a><\/p>","protected":false},"author":1,"featured_media":0,"parent":0,"menu_order":0,"comment_status":"closed","ping_status":"closed","template":"","meta":{"site-sidebar-layout":"no-sidebar","site-content-layout":"page-builder","ast-site-content-layout":"","site-content-style":"default","site-sidebar-style":"default","ast-global-header-display":"","ast-banner-title-visibility":"","ast-main-header-display":"","ast-hfb-above-header-display":"","ast-hfb-below-header-display":"","ast-hfb-mobile-header-display":"","site-post-title":"disabled","ast-breadcrumbs-content":"","ast-featured-img":"disabled","footer-sml-layout":"","theme-transparent-header-meta":"default","adv-header-id-meta":"","stick-header-meta":"","header-above-stick-meta":"","header-main-stick-meta":"","header-below-stick-meta":"","astra-migrate-meta-layouts":"","footnotes":""},"class_list":["post-342","page","type-page","status-publish","hentry"],"_links":{"self":[{"href":"https:\/\/fornturull.cat\/es\/wp-json\/wp\/v2\/pages\/342","targetHints":{"allow":["GET"]}}],"collection":[{"href":"https:\/\/fornturull.cat\/es\/wp-json\/wp\/v2\/pages"}],"about":[{"href":"https:\/\/fornturull.cat\/es\/wp-json\/wp\/v2\/types\/page"}],"author":[{"embeddable":true,"href":"https:\/\/fornturull.cat\/es\/wp-json\/wp\/v2\/users\/1"}],"replies":[{"embeddable":true,"href":"https:\/\/fornturull.cat\/es\/wp-json\/wp\/v2\/comments?post=342"}],"version-history":[{"count":13,"href":"https:\/\/fornturull.cat\/es\/wp-json\/wp\/v2\/pages\/342\/revisions"}],"predecessor-version":[{"id":400,"href":"https:\/\/fornturull.cat\/es\/wp-json\/wp\/v2\/pages\/342\/revisions\/400"}],"wp:attachment":[{"href":"https:\/\/fornturull.cat\/es\/wp-json\/wp\/v2\/media?parent=342"}],"curies":[{"name":"wp","href":"https:\/\/api.w.org\/{rel}","templated":true}]}}