{"id":327,"date":"2021-06-10T17:48:26","date_gmt":"2021-06-10T17:48:26","guid":{"rendered":"https:\/\/urtix11.dyndns.org\/?page_id=327"},"modified":"2024-04-29T10:18:12","modified_gmt":"2024-04-29T10:18:12","slug":"forn-turull","status":"publish","type":"page","link":"https:\/\/fornturull.cat\/es\/forn-turull\/","title":{"rendered":"Forn Turull"},"content":{"rendered":"<div data-elementor-type=\"wp-page\" data-elementor-id=\"327\" class=\"elementor elementor-327\" data-elementor-post-type=\"page\">\n\t\t\t\t\t\t\t\t\t<section class=\"elementor-section elementor-top-section elementor-element elementor-element-d34ab07 elementor-section-boxed elementor-section-height-default elementor-section-height-default\" data-id=\"d34ab07\" data-element_type=\"section\">\n\t\t\t\t\t\t<div class=\"elementor-container elementor-column-gap-default\">\n\t\t\t\t\t<div class=\"elementor-column elementor-col-100 elementor-top-column elementor-element elementor-element-5f4b619\" data-id=\"5f4b619\" data-element_type=\"column\">\n\t\t\t<div class=\"elementor-widget-wrap elementor-element-populated\">\n\t\t\t\t\t\t\t\t<div class=\"elementor-element elementor-element-9160f71 elementor-widget elementor-widget-image\" data-id=\"9160f71\" data-element_type=\"widget\" data-widget_type=\"image.default\">\n\t\t\t\t<div class=\"elementor-widget-container\">\n\t\t\t\t\t\t\t\t\t\t\t\t\t\t\t<img loading=\"lazy\" decoding=\"async\" width=\"854\" height=\"371\" src=\"https:\/\/fornturull.cat\/wp-content\/uploads\/2021\/06\/empresa.jpg\" class=\"attachment-large size-large wp-image-331\" alt=\"forn turull\" srcset=\"https:\/\/fornturull.cat\/wp-content\/uploads\/2021\/06\/empresa.jpg 854w, https:\/\/fornturull.cat\/wp-content\/uploads\/2021\/06\/empresa-300x130.jpg 300w, https:\/\/fornturull.cat\/wp-content\/uploads\/2021\/06\/empresa-768x334.jpg 768w, https:\/\/fornturull.cat\/wp-content\/uploads\/2021\/06\/empresa-600x261.jpg 600w\" sizes=\"auto, (max-width: 854px) 100vw, 854px\" \/>\t\t\t\t\t\t\t\t\t\t\t\t\t\t\t<\/div>\n\t\t\t\t<\/div>\n\t\t\t\t\t<\/div>\n\t\t<\/div>\n\t\t\t\t\t\t\t<\/div>\n\t\t<\/section>\n\t\t\t\t<section class=\"elementor-section elementor-top-section elementor-element elementor-element-3799edf elementor-section-boxed elementor-section-height-default elementor-section-height-default\" data-id=\"3799edf\" data-element_type=\"section\">\n\t\t\t\t\t\t<div class=\"elementor-container elementor-column-gap-default\">\n\t\t\t\t\t<div class=\"elementor-column elementor-col-100 elementor-top-column elementor-element elementor-element-e799499\" data-id=\"e799499\" data-element_type=\"column\">\n\t\t\t<div class=\"elementor-widget-wrap elementor-element-populated\">\n\t\t\t\t\t\t\t\t<div class=\"elementor-element elementor-element-c9e852f line-title elementor-widget elementor-widget-heading\" data-id=\"c9e852f\" data-element_type=\"widget\" data-widget_type=\"heading.default\">\n\t\t\t\t<div class=\"elementor-widget-container\">\n\t\t\t<h2 class=\"elementor-heading-title elementor-size-default\">Panaderos desde 1946<\/h2>\t\t<\/div>\n\t\t\t\t<\/div>\n\t\t\t\t<div class=\"elementor-element elementor-element-19386be elementor-widget elementor-widget-text-editor\" data-id=\"19386be\" data-element_type=\"widget\" data-widget_type=\"text-editor.default\">\n\t\t\t\t<div class=\"elementor-widget-container\">\n\t\t\t\t\t\t\t<p>En Turull nos apasiona el pan. Esta es la sencilla raz\u00f3n para hacer lo que hacemos. Cada pan es diferente y est\u00e1 elaborado de forma totalmente artesanal siguiendo los m\u00e9todos tradicionales que nos ense\u00f1\u00f3 el abuelo. Nuestro pan no entiende de prisas porque necesita unas horas de maduraci\u00f3n para conseguir las cualidades organol\u00e9pticas que tanto nos caracterizan.<\/p><p>Nuestro objetivo no es otro que reencontrar el gusto por la sencillez y los productos bien hechos y transmitirlo a fin de no perder nunca un producto tan nuestro.<\/p><p>Con esta filosof\u00eda nos hemos ido actualizando siguiendo innovadoras t\u00e9cnicas que nos permiten garantizar la calidad del producto final y no incorporamos ning\u00fan producto nuevo si no est\u00e1 a la altura de nuestra l\u00ednea de tradici\u00f3n.<\/p><p>La pasi\u00f3n que tenemos por nuestro trabajo nos obliga a utilizar las mejores materias primas, rechazando aditivos y dando prioridad a los pilares fundamentales de un buen pan, esto es, las mejores harinas, agua, sal, un fermento natural mimado con especial dedicaci\u00f3n y lentas fermentaciones que culminar\u00e1n con una cuidada cocci\u00f3n de acuerdo a la naturaleza de cada producto.<\/p>\t\t\t\t\t\t<\/div>\n\t\t\t\t<\/div>\n\t\t\t\t<div class=\"elementor-element elementor-element-d3b5b23 line-title elementor-widget elementor-widget-heading\" data-id=\"d3b5b23\" data-element_type=\"widget\" data-widget_type=\"heading.default\">\n\t\t\t\t<div class=\"elementor-widget-container\">\n\t\t\t<h2 class=\"elementor-heading-title elementor-size-default\">Servicios<\/h2>\t\t<\/div>\n\t\t\t\t<\/div>\n\t\t\t\t<div class=\"elementor-element elementor-element-d127f18 elementor-widget elementor-widget-text-editor\" data-id=\"d127f18\" data-element_type=\"widget\" data-widget_type=\"text-editor.default\">\n\t\t\t\t<div class=\"elementor-widget-container\">\n\t\t\t\t\t\t\t<p><strong>Pan para restauraci\u00f3n y catering<\/strong><\/p><p>Ya hace m\u00e1s de 25 a\u00f1os que Forn Turull elabora y distribuye a caterings y restaurantes los productos que se elaboran diariamente en nuestro obrador. La venta a terceros ha sido una evoluci\u00f3n natural de nuestra empresa porque lo que realmente nos mueve es dar un servicio, solucionar una necesidad que para nosotros es un placer poder satisfacer.<\/p><p>\u00a1Pide informaci\u00f3n!<\/p>\t\t\t\t\t\t<\/div>\n\t\t\t\t<\/div>\n\t\t\t\t\t<\/div>\n\t\t<\/div>\n\t\t\t\t\t\t\t<\/div>\n\t\t<\/section>\n\t\t\t\t\t\t\t<\/div>","protected":false},"excerpt":{"rendered":"<p>Forners des de 1946 A Turull ens apassiona el pa. Aquesta \u00e9s la senzilla ra\u00f3 per fer el que fem. Cada pa \u00e9s diferent i est\u00e0 elaborat de forma totalment artesana seguint els m\u00e8todes tradicionals que l\u2019avi ens va ensenyar. El nostre pa no hi ent\u00e9n de presses perque necessita unes hores de maduraci\u00f3 per &hellip;<\/p>\n<p class=\"read-more\"> <a class=\"\" href=\"https:\/\/fornturull.cat\/es\/forn-turull\/\"> <span class=\"screen-reader-text\">Forn Turull<\/span> Leer m\u00e1s &raquo;<\/a><\/p>","protected":false},"author":1,"featured_media":0,"parent":0,"menu_order":0,"comment_status":"closed","ping_status":"closed","template":"","meta":{"site-sidebar-layout":"no-sidebar","site-content-layout":"page-builder","ast-site-content-layout":"","site-content-style":"default","site-sidebar-style":"default","ast-global-header-display":"","ast-banner-title-visibility":"","ast-main-header-display":"","ast-hfb-above-header-display":"","ast-hfb-below-header-display":"","ast-hfb-mobile-header-display":"","site-post-title":"disabled","ast-breadcrumbs-content":"","ast-featured-img":"disabled","footer-sml-layout":"","theme-transparent-header-meta":"default","adv-header-id-meta":"","stick-header-meta":"","header-above-stick-meta":"","header-main-stick-meta":"","header-below-stick-meta":"","astra-migrate-meta-layouts":"","footnotes":""},"class_list":["post-327","page","type-page","status-publish","hentry"],"_links":{"self":[{"href":"https:\/\/fornturull.cat\/es\/wp-json\/wp\/v2\/pages\/327","targetHints":{"allow":["GET"]}}],"collection":[{"href":"https:\/\/fornturull.cat\/es\/wp-json\/wp\/v2\/pages"}],"about":[{"href":"https:\/\/fornturull.cat\/es\/wp-json\/wp\/v2\/types\/page"}],"author":[{"embeddable":true,"href":"https:\/\/fornturull.cat\/es\/wp-json\/wp\/v2\/users\/1"}],"replies":[{"embeddable":true,"href":"https:\/\/fornturull.cat\/es\/wp-json\/wp\/v2\/comments?post=327"}],"version-history":[{"count":16,"href":"https:\/\/fornturull.cat\/es\/wp-json\/wp\/v2\/pages\/327\/revisions"}],"predecessor-version":[{"id":391,"href":"https:\/\/fornturull.cat\/es\/wp-json\/wp\/v2\/pages\/327\/revisions\/391"}],"wp:attachment":[{"href":"https:\/\/fornturull.cat\/es\/wp-json\/wp\/v2\/media?parent=327"}],"curies":[{"name":"wp","href":"https:\/\/api.w.org\/{rel}","templated":true}]}}